{"id":232,"date":"2017-04-17T10:49:48","date_gmt":"2017-04-17T08:49:48","guid":{"rendered":"https:\/\/www.yankeemotors.com\/wp\/?page_id=232"},"modified":"2017-04-22T17:42:26","modified_gmt":"2017-04-22T15:42:26","slug":"zylinderkoepfe-2","status":"publish","type":"page","link":"https:\/\/www.yankeemotors.com\/wp\/de\/tour\/zylinderkoepfe-2\/","title":{"rendered":"Zylinderbl\u00f6cke"},"content":{"rendered":"\t\t<div data-elementor-type=\"wp-post\" data-elementor-id=\"232\" class=\"elementor elementor-232 elementor-bc-flex-widget\">\n\t\t\t\t\t\t<section class=\"elementor-section elementor-top-section elementor-element elementor-element-igcr1cw elementor-section-boxed elementor-section-height-default elementor-section-height-default\" data-id=\"igcr1cw\" data-element_type=\"section\" data-e-type=\"section\">\n\t\t\t\t\t\t<div class=\"elementor-container elementor-column-gap-default\">\n\t\t\t\t\t<div class=\"elementor-column elementor-col-100 elementor-top-column elementor-element elementor-element-wrhnu1k\" data-id=\"wrhnu1k\" data-element_type=\"column\" data-e-type=\"column\">\n\t\t\t<div class=\"elementor-widget-wrap elementor-element-populated\">\n\t\t\t\t\t\t<div class=\"elementor-element elementor-element-cm6iluf elementor-button-info elementor-align-right elementor-widget elementor-widget-button\" data-id=\"cm6iluf\" data-element_type=\"widget\" data-e-type=\"widget\" data-widget_type=\"button.default\">\n\t\t\t\t<div class=\"elementor-widget-container\">\n\t\t\t\t\t\t\t\t\t<div class=\"elementor-button-wrapper\">\n\t\t\t\t\t<a class=\"elementor-button elementor-button-link elementor-size-sm\" href=\"https:\/\/www.yankeemotors.com\/wp\/de\/tour\/kurbelwellen\/\">\n\t\t\t\t\t\t<span class=\"elementor-button-content-wrapper\">\n\t\t\t\t\t\t<span class=\"elementor-button-icon\">\n\t\t\t\t\t\t\t\t\t<i class=\"fa fa-hand-o-right\" aria-hidden=\"true\"><\/i>\n\t\t\t\t\t\t\t<\/span>\n\t\t\t\t\t\t\t\t\t<span class=\"elementor-button-text\">weiter<\/span>\n\t\t\t\t\t<\/span>\n\t\t\t\t\t<\/a>\n\t\t\t\t<\/div>\n\t\t\t\t\t\t\t\t<\/div>\n\t\t\t\t<\/div>\n\t\t\t\t<section class=\"elementor-section elementor-inner-section elementor-element elementor-element-syckzg2 elementor-section-boxed elementor-section-height-default elementor-section-height-default\" data-id=\"syckzg2\" data-element_type=\"section\" data-e-type=\"section\">\n\t\t\t\t\t\t<div class=\"elementor-container elementor-column-gap-default\">\n\t\t\t\t\t<div class=\"elementor-column elementor-col-50 elementor-inner-column elementor-element elementor-element-32hkcf0\" data-id=\"32hkcf0\" data-element_type=\"column\" data-e-type=\"column\">\n\t\t\t<div class=\"elementor-widget-wrap elementor-element-populated\">\n\t\t\t\t\t\t<div class=\"elementor-element elementor-element-qv48lwc elementor-widget elementor-widget-text-editor\" data-id=\"qv48lwc\" data-element_type=\"widget\" data-e-type=\"widget\" data-widget_type=\"text-editor.default\">\n\t\t\t\t<div class=\"elementor-widget-container\">\n\t\t\t\t\t\t\t\t\t<article id=\"c147\" class=\"csc-default\"><p class=\"bodytext\"><img fetchpriority=\"high\" decoding=\"async\" class=\"alignnone size-full wp-image-258\" src=\"https:\/\/www.yankeemotors.com\/wp\/wp-content\/uploads\/2017\/04\/tour_4.jpg\" alt=\"\" width=\"385\" height=\"289\" srcset=\"https:\/\/www.yankeemotors.com\/wp\/wp-content\/uploads\/2017\/04\/tour_4.jpg 385w, https:\/\/www.yankeemotors.com\/wp\/wp-content\/uploads\/2017\/04\/tour_4-300x225.jpg 300w\" sizes=\"(max-width: 385px) 100vw, 385px\" \/><\/p><p class=\"bodytext\">Zun\u00e4chst werden s\u00e4mtliche im Guss vorhandene Gewinde nachgeschnitten beziehungsweise schadhafte Gewinde durch entsprechende Eins\u00e4tze erneuert. Hauptlagerdeckelschrauben werden mit einer Rotationsdrahtb\u00fcrste gereinigt. Anschliessend werden nach sorgf\u00e4ltiger Justierung im Bohrwerk alle Zylinder auf das gleiche, vorab bestimmte \u00dcberma\u00df gebohrt oder vielmehr ausgedreht. Hier wird der urspr\u00fcngliche Standarddurchmesser der Zylinder zugrunde gelegt und das jeweilige aufgrund der Messarbeiten vorab bestimmte \u00dcberma\u00df der Kolben hinzu addiert. Die Differenz zwischen diesem Ma\u00df und dem werkseitigen Zylinderdurchmesser ergibt das Ma\u00df, um welches die Zylinder aufgebohrt werden m\u00fcssen. An einem Chevrolet 5,7 Liter V8 smallblock sieht die Rechnung beispielsweise wie folgt aus:<\/p><p class=\"bodytext\">Standardma\u00df = 4 Inches bzw. 101,6 Milimeter<\/p><p class=\"bodytext\">Aufgrund des Verschlei\u00dfgrades unseres Beispielblockes ermitteln wir einen maximalen Zylinderdurchmesser von 4.018 Inches bzw. 102,057 Milimeter w\u00e4hrend der Me\u00dfarbeiten vor Bearbeitung des Zylinderblockes. Da au\u00dferdem minimale Riefen an allen Zylinderw\u00e4nden vorhanden sind, entschliessen wir uns zu einem Kolben\u00fcberma\u00df von 0.030 Inches bzw. 0,762 Milimeter, um welches nun s\u00e4mtliche Zylinder aufgebohrt werden m\u00fcssen auf das neue Zylinderma\u00df von 4.030 Inches bzw. 102,362 Milimeter. Allerdings wird bei diesem groben Bohrvorgang eine Materialtoleranz von einigen hundertstel Milimetern stehen gelassen, da die Zylinder anschliessend in einem weiteren Hohnwerk feingehont werden.<\/p><p class=\"bodytext\">Hier wird nun der genaue Durchmesser des dem jeweiligen Zylinder zugeordneten Kolbens mit dem erforderlichen Kolbenspielma\u00df addiert. Die Summe hieraus ergibt das entg\u00fcltige Zylinderma\u00df welches nun durch Feinhonen erzeugt wird.<\/p><p class=\"bodytext\">Hierbei wird au\u00dferdem der f\u00fcr die Zylinder-bzw. Kolbenringschmierung des Motors wichtige Zylinderoberfl\u00e4chenstruktur erzeugt, der sogenannte &#8222;Kreuzschliff&#8220; Je nach Drehzahlbereich sowie Einsatzzweck des fertigen Motors variiert der Windel des Kreuzschliffs.<\/p><p class=\"bodytext\">Wer sich mit den Zahlen entsprechend vertraut macht, wird feststellen, dass entsprechende \u00dcberma\u00dfe entgegen vieler Ger\u00fcchte keinerlei Einflu\u00df auf die Thermik bzw. Motorperformance haben. Die folgende Tabelle zeigt die g\u00e4ngigsten \u00dcberma\u00dfe zusammen mit der jeweiligen Schw\u00e4chung der Zylinderwand. Da das \u00dcberma\u00df sich auf den Durchmesser bezieht, wird die Zylinderwand nur um die H\u00e4lfte des entsprechenden Ma\u00dfes geschw\u00e4cht, schlie\u00dflich wird ringsherum gleich viel Material abgetragen.<\/p><\/article>\t\t\t\t\t\t\t\t<\/div>\n\t\t\t\t<\/div>\n\t\t\t\t\t<\/div>\n\t\t<\/div>\n\t\t\t\t<div class=\"elementor-column elementor-col-50 elementor-inner-column elementor-element elementor-element-1atyp33\" data-id=\"1atyp33\" data-element_type=\"column\" data-e-type=\"column\">\n\t\t\t<div class=\"elementor-widget-wrap elementor-element-populated\">\n\t\t\t\t\t\t<div class=\"elementor-element elementor-element-az5zzr3 elementor-widget elementor-widget-text-editor\" data-id=\"az5zzr3\" data-element_type=\"widget\" data-e-type=\"widget\" data-widget_type=\"text-editor.default\">\n\t\t\t\t<div class=\"elementor-widget-container\">\n\t\t\t\t\t\t\t\t\t<article id=\"c148\" class=\"csc-default\"><p class=\"bodytext\">Zylinder\u00fcberma\u00df=0.010 Inches\/0.254 Milimeter; Schw\u00e4chung der Wandst\u00e4rke=0.005 Inches\/0,127 Milimeter<\/p><p class=\"bodytext\">Zylinder\u00fcberma\u00df=0.020 Inches\/0,508 Milimeter;Schw\u00e4chung der Wandst\u00e4rke=0.010 Inches\/0.254 Milimeter<\/p><p class=\"bodytext\">Zylinder\u00fcberma\u00df=0.030 Inches\/0,762 Milimeter,Schw\u00e4chung der Wandst\u00e4rke=0.015 Inches\/0,381 Milimeter<\/p><p class=\"bodytext\">Zylinder\u00fcberma\u00df=0.040 Inches\/1,016 Milimeter,Schw\u00e4chung der Wandst\u00e4rke=0.020 Inches\/0,508 Milimeter<\/p><p class=\"bodytext\">Zylinder\u00fcberma\u00df=0.060 Inches\/1,52 Milimeter,Schw\u00e4chung der Wandst\u00e4rke=0.030 Inches\/0,762 Milimeter.<\/p><p class=\"bodytext\">Wenn man von einer durchschnittlichen Zylinderwandungsst\u00e4rke von 8 Milimetern ausgeht, wird sehr schnell klar, dass bei einer Schw\u00e4chung um selbst 0,762 Milimeter weder thermische Probleme noch Wasser in den Zylindern zu erwarten sind. Da insbesondere \u00e4ltere Motoren f\u00fcr klassische Fahrzeuge in der Regel einen sehr hohen Verschlei\u00dfgrad aufweisen oder unter Umst\u00e4nden bereits in der Vergangenheit aufgearbeitet wurden, muss in diesem Falle oft auf das allgemein akzeptierte H\u00f6chst\u00fcberma\u00df von 0.060 Inches bzw. 1,52 Milimeter zur\u00fcckgegriffen werden.<\/p><p class=\"bodytext\">Ist der urspr\u00fcngliche Zylinder durch einen grossen Wandausbruch gesch\u00e4digt oder verlaufen Risse bis kurz unter den oberen oder unteren Randbereich, ist auch das Einbringen einer B\u00fcchse nicht mehr ratsam, da die Presspassung aufgrund der zu grossen Schw\u00e4chung des urspr\u00fcnglichen Zylinders nicht gew\u00e4hrleistet werden kann. Au\u00dferdem muss in so einem Fall mit einem &#8222;Wandern&#8220; der Risse bis hinter den oberen beziehungsweise unteren B\u00fcchsenrand gerechnet werden. Dies h\u00e4tte in jedem Falle einen Wasserschaden zur Folge.<\/p><p class=\"bodytext\"><img decoding=\"async\" class=\"alignnone size-full wp-image-259\" src=\"https:\/\/www.yankeemotors.com\/wp\/wp-content\/uploads\/2017\/04\/tour_4b.jpg\" alt=\"\" width=\"385\" height=\"289\" srcset=\"https:\/\/www.yankeemotors.com\/wp\/wp-content\/uploads\/2017\/04\/tour_4b.jpg 385w, https:\/\/www.yankeemotors.com\/wp\/wp-content\/uploads\/2017\/04\/tour_4b-300x225.jpg 300w\" sizes=\"(max-width: 385px) 100vw, 385px\" \/><\/p><\/article>\t\t\t\t\t\t\t\t<\/div>\n\t\t\t\t<\/div>\n\t\t\t\t\t<\/div>\n\t\t<\/div>\n\t\t\t\t\t<\/div>\n\t\t<\/section>\n\t\t\t\t\t<\/div>\n\t\t<\/div>\n\t\t\t\t\t<\/div>\n\t\t<\/section>\n\t\t\t\t<\/div>\n\t\t","protected":false},"excerpt":{"rendered":"<p>weiter Zun\u00e4chst werden s\u00e4mtliche im Guss vorhandene Gewinde nachgeschnitten beziehungsweise schadhafte Gewinde durch entsprechende Eins\u00e4tze erneuert. Hauptlagerdeckelschrauben werden mit einer<\/p>\n","protected":false},"author":1,"featured_media":0,"parent":21,"menu_order":0,"comment_status":"closed","ping_status":"closed","template":"","meta":{"colormag_page_layout":"default_layout","footnotes":""},"class_list":["post-232","page","type-page","status-publish","hentry"],"_links":{"self":[{"href":"https:\/\/www.yankeemotors.com\/wp\/wp-json\/wp\/v2\/pages\/232","targetHints":{"allow":["GET"]}}],"collection":[{"href":"https:\/\/www.yankeemotors.com\/wp\/wp-json\/wp\/v2\/pages"}],"about":[{"href":"https:\/\/www.yankeemotors.com\/wp\/wp-json\/wp\/v2\/types\/page"}],"author":[{"embeddable":true,"href":"https:\/\/www.yankeemotors.com\/wp\/wp-json\/wp\/v2\/users\/1"}],"replies":[{"embeddable":true,"href":"https:\/\/www.yankeemotors.com\/wp\/wp-json\/wp\/v2\/comments?post=232"}],"version-history":[{"count":5,"href":"https:\/\/www.yankeemotors.com\/wp\/wp-json\/wp\/v2\/pages\/232\/revisions"}],"predecessor-version":[{"id":497,"href":"https:\/\/www.yankeemotors.com\/wp\/wp-json\/wp\/v2\/pages\/232\/revisions\/497"}],"up":[{"embeddable":true,"href":"https:\/\/www.yankeemotors.com\/wp\/wp-json\/wp\/v2\/pages\/21"}],"wp:attachment":[{"href":"https:\/\/www.yankeemotors.com\/wp\/wp-json\/wp\/v2\/media?parent=232"}],"curies":[{"name":"wp","href":"https:\/\/api.w.org\/{rel}","templated":true}]}}