{"id":357,"date":"2017-04-17T14:33:13","date_gmt":"2017-04-17T12:33:13","guid":{"rendered":"https:\/\/www.yankeemotors.com\/wp\/?page_id=357"},"modified":"2017-05-13T09:10:21","modified_gmt":"2017-05-13T07:10:21","slug":"marine-motoren","status":"publish","type":"page","link":"https:\/\/www.yankeemotors.com\/wp\/de\/preise\/marine-motoren\/","title":{"rendered":"Marine Motoren"},"content":{"rendered":"\t\t<div data-elementor-type=\"wp-post\" data-elementor-id=\"357\" class=\"elementor elementor-357 elementor-bc-flex-widget\">\n\t\t\t\t\t\t<section class=\"elementor-section elementor-top-section elementor-element elementor-element-va5kq8y elementor-section-boxed elementor-section-height-default elementor-section-height-default\" data-id=\"va5kq8y\" data-element_type=\"section\" data-e-type=\"section\">\n\t\t\t\t\t\t<div class=\"elementor-container elementor-column-gap-default\">\n\t\t\t\t\t<div class=\"elementor-column elementor-col-100 elementor-top-column elementor-element elementor-element-9ubq4r5\" data-id=\"9ubq4r5\" data-element_type=\"column\" data-e-type=\"column\">\n\t\t\t<div class=\"elementor-widget-wrap elementor-element-populated\">\n\t\t\t\t\t\t<section class=\"elementor-section elementor-inner-section elementor-element elementor-element-cpxg3yj elementor-section-boxed elementor-section-height-default elementor-section-height-default\" data-id=\"cpxg3yj\" data-element_type=\"section\" data-e-type=\"section\">\n\t\t\t\t\t\t<div class=\"elementor-container elementor-column-gap-default\">\n\t\t\t\t\t<div class=\"elementor-column elementor-col-50 elementor-inner-column elementor-element elementor-element-1vaiaqc\" data-id=\"1vaiaqc\" data-element_type=\"column\" data-e-type=\"column\">\n\t\t\t<div class=\"elementor-widget-wrap elementor-element-populated\">\n\t\t\t\t\t\t<div class=\"elementor-element elementor-element-d8chq4j elementor-widget elementor-widget-text-editor\" data-id=\"d8chq4j\" data-element_type=\"widget\" data-e-type=\"widget\" data-widget_type=\"text-editor.default\">\n\t\t\t\t<div class=\"elementor-widget-container\">\n\t\t\t\t\t\t\t\t\t<div id=\"content_left\"><article id=\"c105\" class=\"csc-default\"><p class=\"bodytext\">Generell handelt es sich bei sogenannten &#8222;Inboard&#8220; Marinemotoren der Firmen Mercruiser, Volvo Penta etc. um Aggregate, welche in &#8222;abgespeckter&#8220; Form ebenfalls im US-Fahrzeugsektor, zumeist bei den Herstellern General Motors und Ford, Anwendung finden.<\/p><p class=\"bodytext\">Da sich die Notwendigkeit der jeweiligen Motorenkonzeption aus der geplanten Nutzung des Bootes ergibt, liegt die Entscheidung alleine bei Ihnen, ob ein &#8222;normaler&#8220; f\u00fcr die reine Fahrzeugnutzung konzipierter Motor den Anforderungen gen\u00fcgt oder ob der Einsatzzweck Ihres Bootes in jedem Fall einen speziell hierf\u00fcr ausgelegten Motor fordert.<\/p><p class=\"bodytext\">Wird das jeweilige Boot ausschliesslich in S\u00fc\u00dfwasser mit niedrigen Motordrehzahlen eingesetzt, so kann durchaus ein PKW- bzw. Truckmotor ohne jegliche \u00c4nderungen verbaut werden. Wird das Boot mit ebenfalls niedrigen bis mittleren Motordrehzahlen im Salzwasser eingesetzt oder handelt es sich um eine Ausf\u00fchrung mit Einkreisk\u00fchlung, kann der jeweilige Motor mit speziellen Marinedichtungen und Messingfroststoppen dem Einsatzzweck angepasst werden.<\/p><\/article><\/div>\t\t\t\t\t\t\t\t<\/div>\n\t\t\t\t<\/div>\n\t\t\t\t\t<\/div>\n\t\t<\/div>\n\t\t\t\t<div class=\"elementor-column elementor-col-50 elementor-inner-column elementor-element elementor-element-ctdd5d1\" data-id=\"ctdd5d1\" data-element_type=\"column\" data-e-type=\"column\">\n\t\t\t<div class=\"elementor-widget-wrap elementor-element-populated\">\n\t\t\t\t\t\t<div class=\"elementor-element elementor-element-9on0gih elementor-widget elementor-widget-text-editor\" data-id=\"9on0gih\" data-element_type=\"widget\" data-e-type=\"widget\" data-widget_type=\"text-editor.default\">\n\t\t\t\t<div class=\"elementor-widget-container\">\n\t\t\t\t\t\t\t\t\t<div id=\"content_right\"><article id=\"c107\" class=\"csc-default\"><p class=\"bodytext\">Truckmotoren sind in den jeweiligen Ausf\u00fchrungen erh\u00e4ltlich:<\/p><p class=\"bodytext\"><a class=\"internal-link\" title=\"\u00d6ffnet internen Link im aktuellen Fenster\" href=\"https:\/\/www.yankeemotors.com\/wp\/de\/preise\/short-block-motoren\/\">Short Block<\/a><\/p><p class=\"bodytext\"><a class=\"internal-link\" title=\"\u00d6ffnet internen Link im aktuellen Fenster\" href=\"https:\/\/www.yankeemotors.com\/wp\/de\/preise\/long-block-motoren\/\">Long Block<\/a><\/p><p class=\"bodytext\">Wird das Boot jedoch wie beispielsweise Wasserskiboote oft unter Volllast bewegt oder handelt es sich um ein entsprechendes Sportboot oder ein Boot mit mehr als 6 Metern L\u00e4nge, raten wir in jedem Fall zu einem speziell f\u00fcr einen derartigen Zweck konzipierten Motor.<\/p><p class=\"bodytext\">Generell m\u00f6chten wir jedoch darauf hinweisen, dass eine Gew\u00e4hrleistung unsererseits ausschliesslich auf Marinemotoren \u00fcbernommen wird, der Einbau sowie Betrieb von reinen Fahrzeugmotoren in Booten erfolgt unter Ausschluss jeglicher Gew\u00e4hrleistung.<\/p><\/article><\/div>\t\t\t\t\t\t\t\t<\/div>\n\t\t\t\t<\/div>\n\t\t\t\t\t<\/div>\n\t\t<\/div>\n\t\t\t\t\t<\/div>\n\t\t<\/section>\n\t\t\t\t\t<\/div>\n\t\t<\/div>\n\t\t\t\t\t<\/div>\n\t\t<\/section>\n\t\t\t\t<\/div>\n\t\t","protected":false},"excerpt":{"rendered":"<p>Generell handelt es sich bei sogenannten &#8222;Inboard&#8220; Marinemotoren der Firmen Mercruiser, Volvo Penta etc. um Aggregate, welche in &#8222;abgespeckter&#8220; Form<\/p>\n","protected":false},"author":1,"featured_media":0,"parent":15,"menu_order":0,"comment_status":"closed","ping_status":"closed","template":"","meta":{"colormag_page_layout":"default_layout","footnotes":""},"class_list":["post-357","page","type-page","status-publish","hentry"],"_links":{"self":[{"href":"https:\/\/www.yankeemotors.com\/wp\/wp-json\/wp\/v2\/pages\/357","targetHints":{"allow":["GET"]}}],"collection":[{"href":"https:\/\/www.yankeemotors.com\/wp\/wp-json\/wp\/v2\/pages"}],"about":[{"href":"https:\/\/www.yankeemotors.com\/wp\/wp-json\/wp\/v2\/types\/page"}],"author":[{"embeddable":true,"href":"https:\/\/www.yankeemotors.com\/wp\/wp-json\/wp\/v2\/users\/1"}],"replies":[{"embeddable":true,"href":"https:\/\/www.yankeemotors.com\/wp\/wp-json\/wp\/v2\/comments?post=357"}],"version-history":[{"count":6,"href":"https:\/\/www.yankeemotors.com\/wp\/wp-json\/wp\/v2\/pages\/357\/revisions"}],"predecessor-version":[{"id":545,"href":"https:\/\/www.yankeemotors.com\/wp\/wp-json\/wp\/v2\/pages\/357\/revisions\/545"}],"up":[{"embeddable":true,"href":"https:\/\/www.yankeemotors.com\/wp\/wp-json\/wp\/v2\/pages\/15"}],"wp:attachment":[{"href":"https:\/\/www.yankeemotors.com\/wp\/wp-json\/wp\/v2\/media?parent=357"}],"curies":[{"name":"wp","href":"https:\/\/api.w.org\/{rel}","templated":true}]}}